{"id":476,"date":"2025-11-25T01:00:50","date_gmt":"2025-11-25T00:00:50","guid":{"rendered":"https:\/\/eeas.hiseo.cz\/?page_id=476"},"modified":"2026-01-13T01:00:51","modified_gmt":"2026-01-13T00:00:51","slug":"kontaktujte-nas","status":"publish","type":"page","link":"https:\/\/eeas.hiseo.cz\/en\/kontaktujte-nas\/","title":{"rendered":"Contact us"},"content":{"rendered":"<div data-elementor-type=\"wp-page\" data-elementor-id=\"476\" class=\"elementor elementor-476\" data-elementor-post-type=\"page\">\n\t\t\t\t<div class=\"elementor-element elementor-element-b3fbfd8 e-flex e-con-boxed e-con e-parent\" data-id=\"b3fbfd8\" data-element_type=\"container\" data-settings=\"{&quot;background_background&quot;:&quot;classic&quot;,&quot;motion_fx_motion_fx_scrolling&quot;:&quot;yes&quot;,&quot;motion_fx_devices&quot;:[&quot;desktop&quot;,&quot;tablet&quot;,&quot;mobile&quot;]}\">\n\t\t\t\t\t<div class=\"e-con-inner\">\n\t\t<div class=\"elementor-element elementor-element-4e9e450 e-flex e-con-boxed e-con e-child\" data-id=\"4e9e450\" data-element_type=\"container\" data-settings=\"{&quot;background_background&quot;:&quot;classic&quot;}\">\n\t\t\t\t\t<div class=\"e-con-inner\">\n\t\t\t\t<div class=\"elementor-element elementor-element-4c72816 elementor-invisible elementor-widget elementor-widget-heading\" data-id=\"4c72816\" data-element_type=\"widget\" data-settings=\"{&quot;_animation&quot;:&quot;slideInUp&quot;}\" data-widget_type=\"heading.default\">\n\t\t\t\t\t<h1 class=\"elementor-heading-title elementor-size-default\">Contact us<\/h1>\t\t\t\t<\/div>\n\t\t\t\t<div class=\"elementor-element elementor-element-afae515 elementor-invisible elementor-widget elementor-widget-text-editor\" data-id=\"afae515\" data-element_type=\"widget\" data-settings=\"{&quot;_animation&quot;:&quot;slideInUp&quot;,&quot;_animation_delay&quot;:400}\" data-widget_type=\"text-editor.default\">\n\t\t\t\t\t\t\t\t\t<ul><li><p>Czech development and production<\/p><\/li><li><p>Experience from the industry<\/p><\/li><li><p>Individual approach<\/p><\/li><\/ul>\t\t\t\t\t\t\t\t<\/div>\n\t\t<div class=\"elementor-element elementor-element-235b878 e-con-full e-flex e-con e-child\" data-id=\"235b878\" data-element_type=\"container\">\n\t\t\t\t<div class=\"elementor-element elementor-element-80cf381 elementor-invisible elementor-widget elementor-widget-button\" data-id=\"80cf381\" data-element_type=\"widget\" data-settings=\"{&quot;_animation&quot;:&quot;slideInUp&quot;,&quot;_animation_delay&quot;:600}\" data-widget_type=\"button.default\">\n\t\t\t\t\t\t\t\t\t\t<a class=\"elementor-button elementor-button-link elementor-size-sm elementor-animation-grow\" href=\"https:\/\/eeas.hiseo.cz\/en\/kontaktujte-nas\/\">\n\t\t\t\t\t\t<span class=\"elementor-button-content-wrapper\">\n\t\t\t\t\t\t<span class=\"elementor-button-icon\">\n\t\t\t\t<svg aria-hidden=\"true\" class=\"e-font-icon-svg e-fas-phone\" viewbox=\"0 0 512 512\" xmlns=\"http:\/\/www.w3.org\/2000\/svg\"><path d=\"M493.4 24.6l-104-24c-11.3-2.6-22.9 3.3-27.5 13.9l-48 112c-4.2 9.8-1.4 21.3 6.9 28l60.6 49.6c-36 76.7-98.9 140.5-177.2 177.2l-49.6-60.6c-6.8-8.3-18.2-11.1-28-6.9l-112 48C3.9 366.5-2 378.1.6 389.4l24 104C27.1 504.2 36.7 512 48 512c256.1 0 464-207.5 464-464 0-11.2-7.7-20.9-18.6-23.4z\"><\/path><\/svg>\t\t\t<\/span>\n\t\t\t\t\t\t\t\t\t<span class=\"elementor-button-text\">Contact us<\/span>\n\t\t\t\t\t<\/span>\n\t\t\t\t\t<\/a>\n\t\t\t\t\t\t\t\t<\/div>\n\t\t\t\t<div class=\"elementor-element elementor-element-1a8e1b7 elementor-invisible elementor-widget elementor-widget-button\" data-id=\"1a8e1b7\" data-element_type=\"widget\" data-settings=\"{&quot;_animation&quot;:&quot;slideInUp&quot;,&quot;_animation_delay&quot;:800}\" data-widget_type=\"button.default\">\n\t\t\t\t\t\t\t\t\t\t<a class=\"elementor-button elementor-button-link elementor-size-sm elementor-animation-grow\" href=\"https:\/\/eeas.hiseo.cz\/en\/category\/reference\/\">\n\t\t\t\t\t\t<span class=\"elementor-button-content-wrapper\">\n\t\t\t\t\t\t<span class=\"elementor-button-icon\">\n\t\t\t\t<svg aria-hidden=\"true\" class=\"e-font-icon-svg e-fas-cogs\" viewbox=\"0 0 640 512\" xmlns=\"http:\/\/www.w3.org\/2000\/svg\"><path d=\"M512.1 191l-8.2 14.3c-3 5.3-9.4 7.5-15.1 5.4-11.8-4.4-22.6-10.7-32.1-18.6-4.6-3.8-5.8-10.5-2.8-15.7l8.2-14.3c-6.9-8-12.3-17.3-15.9-27.4h-16.5c-6 0-11.2-4.3-12.2-10.3-2-12-2.1-24.6 0-37.1 1-6 6.2-10.4 12.2-10.4h16.5c3.6-10.1 9-19.4 15.9-27.4l-8.2-14.3c-3-5.2-1.9-11.9 2.8-15.7 9.5-7.9 20.4-14.2 32.1-18.6 5.7-2.1 12.1.1 15.1 5.4l8.2 14.3c10.5-1.9 21.2-1.9 31.7 0L552 6.3c3-5.3 9.4-7.5 15.1-5.4 11.8 4.4 22.6 10.7 32.1 18.6 4.6 3.8 5.8 10.5 2.8 15.7l-8.2 14.3c6.9 8 12.3 17.3 15.9 27.4h16.5c6 0 11.2 4.3 12.2 10.3 2 12 2.1 24.6 0 37.1-1 6-6.2 10.4-12.2 10.4h-16.5c-3.6 10.1-9 19.4-15.9 27.4l8.2 14.3c3 5.2 1.9 11.9-2.8 15.7-9.5 7.9-20.4 14.2-32.1 18.6-5.7 2.1-12.1-.1-15.1-5.4l-8.2-14.3c-10.4 1.9-21.2 1.9-31.7 0zm-10.5-58.8c38.5 29.6 82.4-14.3 52.8-52.8-38.5-29.7-82.4 14.3-52.8 52.8zM386.3 286.1l33.7 16.8c10.1 5.8 14.5 18.1 10.5 29.1-8.9 24.2-26.4 46.4-42.6 65.8-7.4 8.9-20.2 11.1-30.3 5.3l-29.1-16.8c-16 13.7-34.6 24.6-54.9 31.7v33.6c0 11.6-8.3 21.6-19.7 23.6-24.6 4.2-50.4 4.4-75.9 0-11.5-2-20-11.9-20-23.6V418c-20.3-7.2-38.9-18-54.9-31.7L74 403c-10 5.8-22.9 3.6-30.3-5.3-16.2-19.4-33.3-41.6-42.2-65.7-4-10.9.4-23.2 10.5-29.1l33.3-16.8c-3.9-20.9-3.9-42.4 0-63.4L12 205.8c-10.1-5.8-14.6-18.1-10.5-29 8.9-24.2 26-46.4 42.2-65.8 7.4-8.9 20.2-11.1 30.3-5.3l29.1 16.8c16-13.7 34.6-24.6 54.9-31.7V57.1c0-11.5 8.2-21.5 19.6-23.5 24.6-4.2 50.5-4.4 76-.1 11.5 2 20 11.9 20 23.6v33.6c20.3 7.2 38.9 18 54.9 31.7l29.1-16.8c10-5.8 22.9-3.6 30.3 5.3 16.2 19.4 33.2 41.6 42.1 65.8 4 10.9.1 23.2-10 29.1l-33.7 16.8c3.9 21 3.9 42.5 0 63.5zm-117.6 21.1c59.2-77-28.7-164.9-105.7-105.7-59.2 77 28.7 164.9 105.7 105.7zm243.4 182.7l-8.2 14.3c-3 5.3-9.4 7.5-15.1 5.4-11.8-4.4-22.6-10.7-32.1-18.6-4.6-3.8-5.8-10.5-2.8-15.7l8.2-14.3c-6.9-8-12.3-17.3-15.9-27.4h-16.5c-6 0-11.2-4.3-12.2-10.3-2-12-2.1-24.6 0-37.1 1-6 6.2-10.4 12.2-10.4h16.5c3.6-10.1 9-19.4 15.9-27.4l-8.2-14.3c-3-5.2-1.9-11.9 2.8-15.7 9.5-7.9 20.4-14.2 32.1-18.6 5.7-2.1 12.1.1 15.1 5.4l8.2 14.3c10.5-1.9 21.2-1.9 31.7 0l8.2-14.3c3-5.3 9.4-7.5 15.1-5.4 11.8 4.4 22.6 10.7 32.1 18.6 4.6 3.8 5.8 10.5 2.8 15.7l-8.2 14.3c6.9 8 12.3 17.3 15.9 27.4h16.5c6 0 11.2 4.3 12.2 10.3 2 12 2.1 24.6 0 37.1-1 6-6.2 10.4-12.2 10.4h-16.5c-3.6 10.1-9 19.4-15.9 27.4l8.2 14.3c3 5.2 1.9 11.9-2.8 15.7-9.5 7.9-20.4 14.2-32.1 18.6-5.7 2.1-12.1-.1-15.1-5.4l-8.2-14.3c-10.4 1.9-21.2 1.9-31.7 0zM501.6 431c38.5 29.6 82.4-14.3 52.8-52.8-38.5-29.6-82.4 14.3-52.8 52.8z\"><\/path><\/svg>\t\t\t<\/span>\n\t\t\t\t\t\t\t\t\t<span class=\"elementor-button-text\">Our solution<\/span>\n\t\t\t\t\t<\/span>\n\t\t\t\t\t<\/a>\n\t\t\t\t\t\t\t\t<\/div>\n\t\t\t\t<\/div>\n\t\t\t\t\t<\/div>\n\t\t\t\t<\/div>\n\t\t<div class=\"elementor-element elementor-element-59be238 e-flex e-con-boxed e-con e-child\" data-id=\"59be238\" data-element_type=\"container\">\n\t\t\t\t\t<div class=\"e-con-inner\">\n\t\t\t\t<div class=\"elementor-element elementor-element-d6c33b2 elementor-widget elementor-widget-image\" data-id=\"d6c33b2\" data-element_type=\"widget\" data-widget_type=\"image.default\">\n\t\t\t\t\t\t\t\t\t\t\t\t\t\t\t<img fetchpriority=\"high\" decoding=\"async\" width=\"800\" height=\"452\" src=\"https:\/\/eeas.hiseo.cz\/wp-content\/uploads\/2025\/10\/Pozadi-eeas-ii-1024x579.webp\" class=\"attachment-large size-large wp-image-545\" alt=\"\" srcset=\"https:\/\/eeas.hiseo.cz\/wp-content\/uploads\/2025\/10\/Pozadi-eeas-ii-1024x579.webp 1024w, https:\/\/eeas.hiseo.cz\/wp-content\/uploads\/2025\/10\/Pozadi-eeas-ii-300x170.webp 300w, https:\/\/eeas.hiseo.cz\/wp-content\/uploads\/2025\/10\/Pozadi-eeas-ii-768x434.webp 768w, https:\/\/eeas.hiseo.cz\/wp-content\/uploads\/2025\/10\/Pozadi-eeas-ii-1536x869.webp 1536w, https:\/\/eeas.hiseo.cz\/wp-content\/uploads\/2025\/10\/Pozadi-eeas-ii.webp 1639w\" sizes=\"(max-width: 800px) 100vw, 800px\" \/>\t\t\t\t\t\t\t\t\t\t\t\t\t\t\t<\/div>\n\t\t\t\t\t<\/div>\n\t\t\t\t<\/div>\n\t\t\t\t\t<\/div>\n\t\t\t\t<\/div>\n\t\t<div class=\"elementor-element elementor-element-6a5b6cf e-con-full e-flex e-con e-parent\" data-id=\"6a5b6cf\" data-element_type=\"container\">\n\t\t<div class=\"elementor-element elementor-element-f187e25 e-con-full e-flex e-con e-child\" data-id=\"f187e25\" data-element_type=\"container\">\n\t\t<div class=\"elementor-element elementor-element-ceb2151 e-con-full e-flex elementor-invisible e-con e-child\" data-id=\"ceb2151\" data-element_type=\"container\" data-settings=\"{&quot;background_background&quot;:&quot;gradient&quot;,&quot;animation&quot;:&quot;slideInUp&quot;,&quot;animation_delay&quot;:100}\">\n\t\t\t\t<div class=\"elementor-element elementor-element-06dee67 elementor-widget elementor-widget-heading\" data-id=\"06dee67\" data-element_type=\"widget\" data-widget_type=\"heading.default\">\n\t\t\t\t\t<h2 class=\"elementor-heading-title elementor-size-default\">Embedded Electronics &amp; Solutions, s. r. o.<\/h2>\t\t\t\t<\/div>\n\t\t\t\t<div class=\"elementor-element elementor-element-36735ff elementor-widget elementor-widget-text-editor\" data-id=\"36735ff\" data-element_type=\"widget\" data-widget_type=\"text-editor.default\">\n\t\t\t\t\t\t\t\t\t<header class=\"header btClear small bold\"><div class=\"dash\"><strong>Ing. Ondrej Tere\u0148 | <\/strong>Managing Director<\/div><\/header><div class=\"btText\"><p>Tel. +420 737 980 953<\/p><p><strong>Ing. J\u00e1n Tomlain | <\/strong>Managing Director<br \/>Tel. +420 731 480 348<\/p><\/div><header class=\"header btClear small bold\"><div class=\"dash\"><p><span class=\"headline\"><strong>Bank connection | <\/strong><\/span>Fio banka, a.s.<br \/>Account NO: 2000424005\/2010<br \/>IBAN: CZ8120100000002000424005<br \/>SWIFT(BIC) code: FIOBCZPPXXX<\/p><\/div><\/header><p>I\u010cO: 01699334 | DIC: CZ01699334 | VATID: CZ01699334<br \/><em><small>The company is registered in the Commercial Register <br \/>registered at the Municipal Court in Prague, Section C, Insert 210529<\/small><\/em><\/p>\t\t\t\t\t\t\t\t<\/div>\n\t\t\t\t<\/div>\n\t\t<div class=\"elementor-element elementor-element-a9a9b93 e-con-full animated-slow e-flex elementor-invisible e-con e-child\" data-id=\"a9a9b93\" data-element_type=\"container\" data-settings=\"{&quot;animation&quot;:&quot;slideInUp&quot;}\">\n\t\t<div class=\"elementor-element elementor-element-8b8c4c2 animated-slow e-flex e-con-boxed elementor-invisible e-con e-child\" data-id=\"8b8c4c2\" data-element_type=\"container\" data-settings=\"{&quot;background_background&quot;:&quot;classic&quot;,&quot;animation&quot;:&quot;slideInUp&quot;,&quot;animation_delay&quot;:400}\">\n\t\t\t\t\t<div class=\"e-con-inner\">\n\t\t\t\t<div class=\"elementor-element elementor-element-f1c4867 elementor-widget elementor-widget-google_maps\" data-id=\"f1c4867\" data-element_type=\"widget\" data-widget_type=\"google_maps.default\">\n\t\t\t\t\t\t\t<div class=\"elementor-custom-embed\">\n\t\t\t<iframe loading=\"lazy\"\n\t\t\t\t\tsrc=\"https:\/\/maps.google.com\/maps?q=Embedded%20Electronics%20%26%20Solutions%2C%20s.%20r.%20o.&#038;t=m&#038;z=15&#038;output=embed&#038;iwloc=near\"\n\t\t\t\t\ttitle=\"Embedded Electronics &amp; Solutions, s. r. o.\"\n\t\t\t\t\taria-label=\"Embedded Electronics &amp; Solutions, s. r. o.\"\n\t\t\t><\/iframe>\n\t\t<\/div>\n\t\t\t\t\t\t<\/div>\n\t\t\t\t\t<\/div>\n\t\t\t\t<\/div>\n\t\t\t\t<\/div>\n\t\t\t\t<\/div>\n\t\t\t\t<\/div>\n\t\t<div class=\"elementor-element elementor-element-63f87aa e-flex e-con-boxed e-con e-parent\" data-id=\"63f87aa\" data-element_type=\"container\">\n\t\t\t\t\t<div class=\"e-con-inner\">\n\t\t<div class=\"elementor-element elementor-element-4b09e5c e-con-full e-flex e-con e-child\" data-id=\"4b09e5c\" data-element_type=\"container\">\n\t\t<div class=\"elementor-element elementor-element-86acaff animated-slow e-con-full e-flex elementor-invisible e-con e-child\" data-id=\"86acaff\" data-element_type=\"container\" data-settings=\"{&quot;background_background&quot;:&quot;classic&quot;,&quot;animation&quot;:&quot;slideInUp&quot;,&quot;animation_delay&quot;:400}\">\n\t\t\t\t<div class=\"elementor-element elementor-element-5b72a70 elementor-widget elementor-widget-heading\" data-id=\"5b72a70\" data-element_type=\"widget\" data-widget_type=\"heading.default\">\n\t\t\t\t\t<h3 class=\"elementor-heading-title elementor-size-default\">Contact form<\/h3>\t\t\t\t<\/div>\n\t\t\t\t<div class=\"elementor-element elementor-element-663d0f7 elementor-button-align-center elementor-widget elementor-widget-form\" data-id=\"663d0f7\" data-element_type=\"widget\" data-settings=\"{&quot;step_next_label&quot;:&quot;Next&quot;,&quot;step_previous_label&quot;:&quot;Previous&quot;,&quot;step_type&quot;:&quot;number_text&quot;,&quot;step_icon_shape&quot;:&quot;circle&quot;}\" data-widget_type=\"form.default\">\n\t\t\t\t\t\t\t<form class=\"elementor-form\" method=\"post\" name=\"Kontaktn\u00ed formul\u00e1\u0159\" aria-label=\"Contact form\" action=\"\">\n\t\t\t<input type=\"hidden\" name=\"post_id\" value=\"476\"\/>\n\t\t\t<input type=\"hidden\" name=\"form_id\" value=\"663d0f7\"\/>\n\t\t\t<input type=\"hidden\" name=\"referer_title\" value=\"Embedded Electronics &amp; Solutions, s. r. o.\" \/>\n\n\t\t\t\n\t\t\t<div class=\"elementor-form-fields-wrapper elementor-labels-\">\n\t\t\t\t\t\t\t\t<div class=\"elementor-field-type-text elementor-field-group elementor-column elementor-field-group-name elementor-col-100\">\n\t\t\t\t\t\t\t\t\t\t\t\t<label for=\"form-field-name\" class=\"elementor-field-label elementor-screen-only\">\n\t\t\t\t\t\t\t\tName\t\t\t\t\t\t\t<\/label>\n\t\t\t\t\t\t\t\t\t\t\t\t\t\t<input size=\"1\" type=\"text\" name=\"form_fields[name]\" id=\"form-field-name\" class=\"elementor-field elementor-size-sm  elementor-field-textual\" placeholder=\"Name\">\n\t\t\t\t\t\t\t\t\t\t\t<\/div>\n\t\t\t\t\t\t\t\t<div class=\"elementor-field-type-email elementor-field-group elementor-column elementor-field-group-email elementor-col-100 elementor-field-required\">\n\t\t\t\t\t\t\t\t\t\t\t\t<label for=\"form-field-email\" class=\"elementor-field-label elementor-screen-only\">\n\t\t\t\t\t\t\t\tEmail\t\t\t\t\t\t\t<\/label>\n\t\t\t\t\t\t\t\t\t\t\t\t\t\t<input size=\"1\" type=\"email\" name=\"form_fields[email]\" id=\"form-field-email\" class=\"elementor-field elementor-size-sm  elementor-field-textual\" placeholder=\"Email\" required=\"required\">\n\t\t\t\t\t\t\t\t\t\t\t<\/div>\n\t\t\t\t\t\t\t\t<div class=\"elementor-field-type-textarea elementor-field-group elementor-column elementor-field-group-message elementor-col-100\">\n\t\t\t\t\t\t\t\t\t\t\t\t<label for=\"form-field-message\" class=\"elementor-field-label elementor-screen-only\">\n\t\t\t\t\t\t\t\tReport\t\t\t\t\t\t\t<\/label>\n\t\t\t\t\t\t<textarea class=\"elementor-field-textual elementor-field  elementor-size-sm\" name=\"form_fields[message]\" id=\"form-field-message\" rows=\"12\" placeholder=\"Report\"><\/textarea>\t\t\t\t<\/div>\n\t\t\t\t\t\t\t\t<div class=\"elementor-field-group elementor-column elementor-field-type-submit elementor-col-100 e-form__buttons\">\n\t\t\t\t\t<button class=\"elementor-button elementor-size-md elementor-animation-grow\" type=\"submit\">\n\t\t\t\t\t\t<span class=\"elementor-button-content-wrapper\">\n\t\t\t\t\t\t\t\t\t\t\t\t\t\t\t\t\t\t\t\t\t\t<span class=\"elementor-button-text\">Send to<\/span>\n\t\t\t\t\t\t\t\t\t\t\t\t\t<\/span>\n\t\t\t\t\t<\/button>\n\t\t\t\t<\/div>\n\t\t\t<\/div>\n\t\t<input type=\"hidden\" name=\"trp-form-language\" value=\"en\"\/><\/form>\n\t\t\t\t\t\t<\/div>\n\t\t\t\t<\/div>\n\t\t\t\t<\/div>\n\t\t<div class=\"elementor-element elementor-element-6a3e78f e-con-full e-flex e-con e-child\" data-id=\"6a3e78f\" data-element_type=\"container\">\n\t\t\t\t<div class=\"elementor-element elementor-element-7abdc35 elementor-widget elementor-widget-image\" data-id=\"7abdc35\" data-element_type=\"widget\" data-widget_type=\"image.default\">\n\t\t\t\t\t\t\t\t\t\t\t\t\t\t\t<img decoding=\"async\" width=\"800\" height=\"570\" src=\"https:\/\/eeas.hiseo.cz\/wp-content\/uploads\/2025\/11\/Vchod-1280x912-1-1024x730.webp\" class=\"attachment-large size-large wp-image-337\" alt=\"\" srcset=\"https:\/\/eeas.hiseo.cz\/wp-content\/uploads\/2025\/11\/Vchod-1280x912-1-1024x730.webp 1024w, https:\/\/eeas.hiseo.cz\/wp-content\/uploads\/2025\/11\/Vchod-1280x912-1-300x214.webp 300w, https:\/\/eeas.hiseo.cz\/wp-content\/uploads\/2025\/11\/Vchod-1280x912-1-768x547.webp 768w, https:\/\/eeas.hiseo.cz\/wp-content\/uploads\/2025\/11\/Vchod-1280x912-1.webp 1280w\" sizes=\"(max-width: 800px) 100vw, 800px\" \/>\t\t\t\t\t\t\t\t\t\t\t\t\t\t\t<\/div>\n\t\t\t\t<div class=\"elementor-element elementor-element-21ed826 elementor-widget elementor-widget-text-editor\" data-id=\"21ed826\" data-element_type=\"widget\" data-widget_type=\"text-editor.default\">\n\t\t\t\t\t\t\t\t\t<p>Entrance to the building through the Radiostav reception from Pod Patyanka Street<\/p>\t\t\t\t\t\t\t\t<\/div>\n\t\t\t\t<\/div>\n\t\t\t\t\t<\/div>\n\t\t\t\t<\/div>\n\t\t\t\t<\/div>","protected":false},"excerpt":{"rendered":"<p>\u010cesk\u00fd v\u00fdvoj a v\u00fdroba Zku\u0161enosti z pr\u016fmyslu Individu\u00e1ln\u00ed p\u0159\u00edstup Kontaktujte n\u00e1s Na\u0161e \u0159e\u0161en\u00ed Embedded Electronics &amp; Solutions, s. r. o. Ing. Ondrej Tere\u0148 | jednatel Tel. +420 737 980 953 Ing. J\u00e1n Tomlain | jednatelTel. +420 731 480 348 Bankovn\u00ed spojen\u00ed | Fio banka, a.s.Account NO: 2000424005\/2010IBAN: CZ8120100000002000424005SWIFT(BIC) code: FIOBCZPPXXX I\u010cO: 01699334 | DI\u010c: CZ01699334 [&hellip;]<\/p>","protected":false},"author":1,"featured_media":0,"parent":0,"menu_order":0,"comment_status":"closed","ping_status":"closed","template":"","meta":{"footnotes":""},"class_list":["post-476","page","type-page","status-publish","hentry"],"yoast_head":"<!-- This site is optimized with the Yoast SEO plugin v26.3 - https:\/\/yoast.com\/wordpress\/plugins\/seo\/ -->\n<title>Kontaktujte n\u00e1s - Embedded Electronics &amp; Solutions, s. r. o.<\/title>\n<meta name=\"robots\" content=\"index, follow, max-snippet:-1, max-image-preview:large, max-video-preview:-1\" \/>\n<link rel=\"canonical\" href=\"https:\/\/eeas.hiseo.cz\/en\/kontaktujte-nas\/\" \/>\n<meta property=\"og:locale\" content=\"en_GB\" \/>\n<meta property=\"og:type\" content=\"article\" \/>\n<meta property=\"og:title\" content=\"Kontaktujte n\u00e1s - Embedded Electronics &amp; Solutions, s. r. o.\" \/>\n<meta property=\"og:description\" content=\"\u010cesk\u00fd v\u00fdvoj a v\u00fdroba Zku\u0161enosti z pr\u016fmyslu Individu\u00e1ln\u00ed p\u0159\u00edstup Kontaktujte n\u00e1s Na\u0161e \u0159e\u0161en\u00ed Embedded Electronics &amp; Solutions, s. r. o. Ing. Ondrej Tere\u0148 | jednatel Tel. +420 737 980 953 Ing. J\u00e1n Tomlain | jednatelTel. +420 731 480 348 Bankovn\u00ed spojen\u00ed | Fio banka, a.s.Account NO: 2000424005\/2010IBAN: CZ8120100000002000424005SWIFT(BIC) code: FIOBCZPPXXX I\u010cO: 01699334 | DI\u010c: CZ01699334 [&hellip;]\" \/>\n<meta property=\"og:url\" content=\"https:\/\/eeas.hiseo.cz\/en\/kontaktujte-nas\/\" \/>\n<meta property=\"og:site_name\" content=\"Embedded Electronics &amp; Solutions, s. r. o.\" \/>\n<meta property=\"article:modified_time\" content=\"2026-01-13T00:00:51+00:00\" \/>\n<meta property=\"og:image\" content=\"https:\/\/eeas.hiseo.cz\/wp-content\/uploads\/2025\/11\/Vchod-1280x912-1.webp\" \/>\n\t<meta property=\"og:image:width\" content=\"1280\" \/>\n\t<meta property=\"og:image:height\" content=\"912\" \/>\n\t<meta property=\"og:image:type\" content=\"image\/webp\" \/>\n<meta name=\"twitter:card\" content=\"summary_large_image\" \/>\n<meta name=\"twitter:label1\" content=\"Estimated reading time\" \/>\n\t<meta name=\"twitter:data1\" content=\"1 minute\" \/>\n<script type=\"application\/ld+json\" class=\"yoast-schema-graph\">{\"@context\":\"https:\/\/schema.org\",\"@graph\":[{\"@type\":\"WebPage\",\"@id\":\"https:\/\/eeas.hiseo.cz\/kontaktujte-nas\/\",\"url\":\"https:\/\/eeas.hiseo.cz\/kontaktujte-nas\/\",\"name\":\"Kontaktujte n\u00e1s - Embedded Electronics &amp; Solutions, s. r. o.\",\"isPartOf\":{\"@id\":\"https:\/\/eeas.hiseo.cz\/#website\"},\"primaryImageOfPage\":{\"@id\":\"https:\/\/eeas.hiseo.cz\/kontaktujte-nas\/#primaryimage\"},\"image\":{\"@id\":\"https:\/\/eeas.hiseo.cz\/kontaktujte-nas\/#primaryimage\"},\"thumbnailUrl\":\"https:\/\/eeas.hiseo.cz\/wp-content\/uploads\/2025\/11\/Vchod-1280x912-1-1024x730.webp\",\"datePublished\":\"2025-11-25T00:00:50+00:00\",\"dateModified\":\"2026-01-13T00:00:51+00:00\",\"breadcrumb\":{\"@id\":\"https:\/\/eeas.hiseo.cz\/kontaktujte-nas\/#breadcrumb\"},\"inLanguage\":\"en-GB\",\"potentialAction\":[{\"@type\":\"ReadAction\",\"target\":[\"https:\/\/eeas.hiseo.cz\/kontaktujte-nas\/\"]}]},{\"@type\":\"ImageObject\",\"inLanguage\":\"en-GB\",\"@id\":\"https:\/\/eeas.hiseo.cz\/kontaktujte-nas\/#primaryimage\",\"url\":\"https:\/\/eeas.hiseo.cz\/wp-content\/uploads\/2025\/11\/Vchod-1280x912-1-1024x730.webp\",\"contentUrl\":\"https:\/\/eeas.hiseo.cz\/wp-content\/uploads\/2025\/11\/Vchod-1280x912-1-1024x730.webp\"},{\"@type\":\"BreadcrumbList\",\"@id\":\"https:\/\/eeas.hiseo.cz\/kontaktujte-nas\/#breadcrumb\",\"itemListElement\":[{\"@type\":\"ListItem\",\"position\":1,\"name\":\"Home\",\"item\":\"https:\/\/eeas.hiseo.cz\/\"},{\"@type\":\"ListItem\",\"position\":2,\"name\":\"Kontaktujte n\u00e1s\"}]},{\"@type\":\"WebSite\",\"@id\":\"https:\/\/eeas.hiseo.cz\/#website\",\"url\":\"https:\/\/eeas.hiseo.cz\/\",\"name\":\"Embedded Electronics &amp; Solutions, s. r. o.\",\"description\":\"V\u00fdvoj elektronick\u00fdch za\u0159\u00edzen\u00ed | Bezdr\u00e1tov\u00e9 technologie | IoT\",\"publisher\":{\"@id\":\"https:\/\/eeas.hiseo.cz\/#organization\"},\"potentialAction\":[{\"@type\":\"SearchAction\",\"target\":{\"@type\":\"EntryPoint\",\"urlTemplate\":\"https:\/\/eeas.hiseo.cz\/?s={search_term_string}\"},\"query-input\":{\"@type\":\"PropertyValueSpecification\",\"valueRequired\":true,\"valueName\":\"search_term_string\"}}],\"inLanguage\":\"en-GB\"},{\"@type\":\"Organization\",\"@id\":\"https:\/\/eeas.hiseo.cz\/#organization\",\"name\":\"Embedded Electronics &amp; Solutions, s. r. o.\",\"url\":\"https:\/\/eeas.hiseo.cz\/\",\"logo\":{\"@type\":\"ImageObject\",\"inLanguage\":\"en-GB\",\"@id\":\"https:\/\/eeas.hiseo.cz\/#\/schema\/logo\/image\/\",\"url\":\"https:\/\/eeas.hiseo.cz\/wp-content\/uploads\/2025\/11\/EES11-640x324-1.webp\",\"contentUrl\":\"https:\/\/eeas.hiseo.cz\/wp-content\/uploads\/2025\/11\/EES11-640x324-1.webp\",\"width\":640,\"height\":324,\"caption\":\" Embedded Electronics &amp; Solutions, s. r. o.\"},\"image\":{\"@id\":\"https:\/\/eeas.hiseo.cz\/#\/schema\/logo\/image\/\"}}]}<\/script>\n<!-- \/ Yoast SEO plugin. -->","yoast_head_json":{"title":"Kontaktujte n\u00e1s - Embedded Electronics &amp; Solutions, s. r. o.","robots":{"index":"index","follow":"follow","max-snippet":"max-snippet:-1","max-image-preview":"max-image-preview:large","max-video-preview":"max-video-preview:-1"},"canonical":"https:\/\/eeas.hiseo.cz\/en\/kontaktujte-nas\/","og_locale":"en_GB","og_type":"article","og_title":"Kontaktujte n\u00e1s - Embedded Electronics &amp; Solutions, s. r. o.","og_description":"\u010cesk\u00fd v\u00fdvoj a v\u00fdroba Zku\u0161enosti z pr\u016fmyslu Individu\u00e1ln\u00ed p\u0159\u00edstup Kontaktujte n\u00e1s Na\u0161e \u0159e\u0161en\u00ed Embedded Electronics &amp; Solutions, s. r. o. Ing. Ondrej Tere\u0148 | jednatel Tel. +420 737 980 953 Ing. J\u00e1n Tomlain | jednatelTel. +420 731 480 348 Bankovn\u00ed spojen\u00ed | Fio banka, a.s.Account NO: 2000424005\/2010IBAN: CZ8120100000002000424005SWIFT(BIC) code: FIOBCZPPXXX I\u010cO: 01699334 | DI\u010c: CZ01699334 [&hellip;]","og_url":"https:\/\/eeas.hiseo.cz\/en\/kontaktujte-nas\/","og_site_name":"Embedded Electronics &amp; Solutions, s. r. o.","article_modified_time":"2026-01-13T00:00:51+00:00","og_image":[{"width":1280,"height":912,"url":"https:\/\/eeas.hiseo.cz\/wp-content\/uploads\/2025\/11\/Vchod-1280x912-1.webp","type":"image\/webp"}],"twitter_card":"summary_large_image","twitter_misc":{"Estimated reading time":"1 minute"},"schema":{"@context":"https:\/\/schema.org","@graph":[{"@type":"WebPage","@id":"https:\/\/eeas.hiseo.cz\/kontaktujte-nas\/","url":"https:\/\/eeas.hiseo.cz\/kontaktujte-nas\/","name":"Kontaktujte n\u00e1s - Embedded Electronics &amp; Solutions, s. r. o.","isPartOf":{"@id":"https:\/\/eeas.hiseo.cz\/#website"},"primaryImageOfPage":{"@id":"https:\/\/eeas.hiseo.cz\/kontaktujte-nas\/#primaryimage"},"image":{"@id":"https:\/\/eeas.hiseo.cz\/kontaktujte-nas\/#primaryimage"},"thumbnailUrl":"https:\/\/eeas.hiseo.cz\/wp-content\/uploads\/2025\/11\/Vchod-1280x912-1-1024x730.webp","datePublished":"2025-11-25T00:00:50+00:00","dateModified":"2026-01-13T00:00:51+00:00","breadcrumb":{"@id":"https:\/\/eeas.hiseo.cz\/kontaktujte-nas\/#breadcrumb"},"inLanguage":"en-GB","potentialAction":[{"@type":"ReadAction","target":["https:\/\/eeas.hiseo.cz\/kontaktujte-nas\/"]}]},{"@type":"ImageObject","inLanguage":"en-GB","@id":"https:\/\/eeas.hiseo.cz\/kontaktujte-nas\/#primaryimage","url":"https:\/\/eeas.hiseo.cz\/wp-content\/uploads\/2025\/11\/Vchod-1280x912-1-1024x730.webp","contentUrl":"https:\/\/eeas.hiseo.cz\/wp-content\/uploads\/2025\/11\/Vchod-1280x912-1-1024x730.webp"},{"@type":"BreadcrumbList","@id":"https:\/\/eeas.hiseo.cz\/kontaktujte-nas\/#breadcrumb","itemListElement":[{"@type":"ListItem","position":1,"name":"Home","item":"https:\/\/eeas.hiseo.cz\/"},{"@type":"ListItem","position":2,"name":"Kontaktujte n\u00e1s"}]},{"@type":"WebSite","@id":"https:\/\/eeas.hiseo.cz\/#website","url":"https:\/\/eeas.hiseo.cz\/","name":"Embedded Electronics &amp; Solutions, s. r. o.","description":"V\u00fdvoj elektronick\u00fdch za\u0159\u00edzen\u00ed | Bezdr\u00e1tov\u00e9 technologie | IoT","publisher":{"@id":"https:\/\/eeas.hiseo.cz\/#organization"},"potentialAction":[{"@type":"SearchAction","target":{"@type":"EntryPoint","urlTemplate":"https:\/\/eeas.hiseo.cz\/?s={search_term_string}"},"query-input":{"@type":"PropertyValueSpecification","valueRequired":true,"valueName":"search_term_string"}}],"inLanguage":"en-GB"},{"@type":"Organization","@id":"https:\/\/eeas.hiseo.cz\/#organization","name":"Embedded Electronics &amp; Solutions, s. r. o.","url":"https:\/\/eeas.hiseo.cz\/","logo":{"@type":"ImageObject","inLanguage":"en-GB","@id":"https:\/\/eeas.hiseo.cz\/#\/schema\/logo\/image\/","url":"https:\/\/eeas.hiseo.cz\/wp-content\/uploads\/2025\/11\/EES11-640x324-1.webp","contentUrl":"https:\/\/eeas.hiseo.cz\/wp-content\/uploads\/2025\/11\/EES11-640x324-1.webp","width":640,"height":324,"caption":" Embedded Electronics &amp; Solutions, s. r. o."},"image":{"@id":"https:\/\/eeas.hiseo.cz\/#\/schema\/logo\/image\/"}}]}},"_links":{"self":[{"href":"https:\/\/eeas.hiseo.cz\/en\/wp-json\/wp\/v2\/pages\/476","targetHints":{"allow":["GET"]}}],"collection":[{"href":"https:\/\/eeas.hiseo.cz\/en\/wp-json\/wp\/v2\/pages"}],"about":[{"href":"https:\/\/eeas.hiseo.cz\/en\/wp-json\/wp\/v2\/types\/page"}],"author":[{"embeddable":true,"href":"https:\/\/eeas.hiseo.cz\/en\/wp-json\/wp\/v2\/users\/1"}],"replies":[{"embeddable":true,"href":"https:\/\/eeas.hiseo.cz\/en\/wp-json\/wp\/v2\/comments?post=476"}],"version-history":[{"count":34,"href":"https:\/\/eeas.hiseo.cz\/en\/wp-json\/wp\/v2\/pages\/476\/revisions"}],"predecessor-version":[{"id":1276,"href":"https:\/\/eeas.hiseo.cz\/en\/wp-json\/wp\/v2\/pages\/476\/revisions\/1276"}],"wp:attachment":[{"href":"https:\/\/eeas.hiseo.cz\/en\/wp-json\/wp\/v2\/media?parent=476"}],"curies":[{"name":"wp","href":"https:\/\/api.w.org\/{rel}","templated":true}]}}