{"id":376,"date":"2025-11-17T23:43:16","date_gmt":"2025-11-17T22:43:16","guid":{"rendered":"https:\/\/eeas.hiseo.cz\/?page_id=376"},"modified":"2025-11-25T00:38:21","modified_gmt":"2025-11-24T23:38:21","slug":"podpora","status":"publish","type":"page","link":"https:\/\/eeas.hiseo.cz\/en\/podpora\/","title":{"rendered":"Support"},"content":{"rendered":"<div data-elementor-type=\"wp-page\" data-elementor-id=\"376\" class=\"elementor elementor-376\" data-elementor-post-type=\"page\">\n\t\t\t\t<div class=\"elementor-element elementor-element-6239a34 e-con-full e-flex e-con e-parent\" data-id=\"6239a34\" data-element_type=\"container\">\n\t\t\t\t<div class=\"elementor-element elementor-element-993f8c6 elementor-invisible elementor-widget elementor-widget-heading\" data-id=\"993f8c6\" data-element_type=\"widget\" data-settings=\"{&quot;_animation&quot;:&quot;slideInUp&quot;}\" data-widget_type=\"heading.default\">\n\t\t\t\t\t<h2 class=\"elementor-heading-title elementor-size-default\">Support<\/h2>\t\t\t\t<\/div>\n\t\t\t\t<\/div>\n\t\t<div class=\"elementor-element elementor-element-c654537 e-flex e-con-boxed e-con e-parent\" data-id=\"c654537\" data-element_type=\"container\">\n\t\t\t\t\t<div class=\"e-con-inner\">\n\t\t\t\t<div class=\"elementor-element elementor-element-9e0b7c8 elementor-widget elementor-widget-image\" data-id=\"9e0b7c8\" data-element_type=\"widget\" data-widget_type=\"image.default\">\n\t\t\t\t\t\t\t\t\t\t\t\t\t\t\t<img fetchpriority=\"high\" decoding=\"async\" width=\"1187\" height=\"1185\" src=\"https:\/\/eeas.hiseo.cz\/wp-content\/uploads\/2025\/11\/Elektromobilita.webp\" class=\"attachment-full size-full wp-image-378\" alt=\"\" srcset=\"https:\/\/eeas.hiseo.cz\/wp-content\/uploads\/2025\/11\/Elektromobilita.webp 1187w, https:\/\/eeas.hiseo.cz\/wp-content\/uploads\/2025\/11\/Elektromobilita-300x300.webp 300w, https:\/\/eeas.hiseo.cz\/wp-content\/uploads\/2025\/11\/Elektromobilita-1024x1022.webp 1024w, https:\/\/eeas.hiseo.cz\/wp-content\/uploads\/2025\/11\/Elektromobilita-150x150.webp 150w, https:\/\/eeas.hiseo.cz\/wp-content\/uploads\/2025\/11\/Elektromobilita-768x767.webp 768w\" sizes=\"(max-width: 1187px) 100vw, 1187px\" \/>\t\t\t\t\t\t\t\t\t\t\t\t\t\t\t<\/div>\n\t\t\t\t\t<\/div>\n\t\t\t\t<\/div>\n\t\t\t\t<\/div>","protected":false},"excerpt":{"rendered":"<p>Support<\/p>","protected":false},"author":1,"featured_media":0,"parent":0,"menu_order":0,"comment_status":"closed","ping_status":"closed","template":"","meta":{"footnotes":""},"class_list":["post-376","page","type-page","status-publish","hentry"],"yoast_head":"<!-- This site is optimized with the Yoast SEO plugin v26.3 - https:\/\/yoast.com\/wordpress\/plugins\/seo\/ -->\n<title>Podpora - Embedded Electronics &amp; Solutions, s. r. o.<\/title>\n<meta name=\"robots\" content=\"index, follow, max-snippet:-1, max-image-preview:large, max-video-preview:-1\" \/>\n<link rel=\"canonical\" href=\"https:\/\/eeas.hiseo.cz\/en\/podpora\/\" \/>\n<meta property=\"og:locale\" content=\"en_GB\" \/>\n<meta property=\"og:type\" content=\"article\" \/>\n<meta property=\"og:title\" content=\"Podpora - Embedded Electronics &amp; Solutions, s. r. o.\" \/>\n<meta property=\"og:description\" content=\"Podpora\" \/>\n<meta property=\"og:url\" content=\"https:\/\/eeas.hiseo.cz\/en\/podpora\/\" \/>\n<meta property=\"og:site_name\" content=\"Embedded Electronics &amp; Solutions, s. r. o.\" \/>\n<meta property=\"article:modified_time\" content=\"2025-11-24T23:38:21+00:00\" \/>\n<meta property=\"og:image\" content=\"https:\/\/eeas.hiseo.cz\/wp-content\/uploads\/2025\/11\/Elektromobilita.webp\" \/>\n\t<meta property=\"og:image:width\" content=\"1187\" \/>\n\t<meta property=\"og:image:height\" content=\"1185\" \/>\n\t<meta property=\"og:image:type\" content=\"image\/webp\" \/>\n<meta name=\"twitter:card\" content=\"summary_large_image\" \/>\n<meta name=\"twitter:label1\" content=\"Estimated reading time\" \/>\n\t<meta name=\"twitter:data1\" content=\"1 minute\" \/>\n<script type=\"application\/ld+json\" class=\"yoast-schema-graph\">{\"@context\":\"https:\/\/schema.org\",\"@graph\":[{\"@type\":\"WebPage\",\"@id\":\"https:\/\/eeas.hiseo.cz\/podpora\/\",\"url\":\"https:\/\/eeas.hiseo.cz\/podpora\/\",\"name\":\"Podpora - Embedded Electronics &amp; Solutions, s. r. o.\",\"isPartOf\":{\"@id\":\"https:\/\/eeas.hiseo.cz\/#website\"},\"primaryImageOfPage\":{\"@id\":\"https:\/\/eeas.hiseo.cz\/podpora\/#primaryimage\"},\"image\":{\"@id\":\"https:\/\/eeas.hiseo.cz\/podpora\/#primaryimage\"},\"thumbnailUrl\":\"https:\/\/eeas.hiseo.cz\/wp-content\/uploads\/2025\/11\/Elektromobilita.webp\",\"datePublished\":\"2025-11-17T22:43:16+00:00\",\"dateModified\":\"2025-11-24T23:38:21+00:00\",\"breadcrumb\":{\"@id\":\"https:\/\/eeas.hiseo.cz\/podpora\/#breadcrumb\"},\"inLanguage\":\"en-GB\",\"potentialAction\":[{\"@type\":\"ReadAction\",\"target\":[\"https:\/\/eeas.hiseo.cz\/podpora\/\"]}]},{\"@type\":\"ImageObject\",\"inLanguage\":\"en-GB\",\"@id\":\"https:\/\/eeas.hiseo.cz\/podpora\/#primaryimage\",\"url\":\"https:\/\/eeas.hiseo.cz\/wp-content\/uploads\/2025\/11\/Elektromobilita.webp\",\"contentUrl\":\"https:\/\/eeas.hiseo.cz\/wp-content\/uploads\/2025\/11\/Elektromobilita.webp\"},{\"@type\":\"BreadcrumbList\",\"@id\":\"https:\/\/eeas.hiseo.cz\/podpora\/#breadcrumb\",\"itemListElement\":[{\"@type\":\"ListItem\",\"position\":1,\"name\":\"Home\",\"item\":\"https:\/\/eeas.hiseo.cz\/\"},{\"@type\":\"ListItem\",\"position\":2,\"name\":\"Podpora\"}]},{\"@type\":\"WebSite\",\"@id\":\"https:\/\/eeas.hiseo.cz\/#website\",\"url\":\"https:\/\/eeas.hiseo.cz\/\",\"name\":\"Embedded Electronics &amp; Solutions, s. r. o.\",\"description\":\"V\u00fdvoj elektronick\u00fdch za\u0159\u00edzen\u00ed | Bezdr\u00e1tov\u00e9 technologie | IoT\",\"publisher\":{\"@id\":\"https:\/\/eeas.hiseo.cz\/#organization\"},\"potentialAction\":[{\"@type\":\"SearchAction\",\"target\":{\"@type\":\"EntryPoint\",\"urlTemplate\":\"https:\/\/eeas.hiseo.cz\/?s={search_term_string}\"},\"query-input\":{\"@type\":\"PropertyValueSpecification\",\"valueRequired\":true,\"valueName\":\"search_term_string\"}}],\"inLanguage\":\"en-GB\"},{\"@type\":\"Organization\",\"@id\":\"https:\/\/eeas.hiseo.cz\/#organization\",\"name\":\"Embedded Electronics &amp; Solutions, s. r. o.\",\"url\":\"https:\/\/eeas.hiseo.cz\/\",\"logo\":{\"@type\":\"ImageObject\",\"inLanguage\":\"en-GB\",\"@id\":\"https:\/\/eeas.hiseo.cz\/#\/schema\/logo\/image\/\",\"url\":\"https:\/\/eeas.hiseo.cz\/wp-content\/uploads\/2025\/11\/EES11-640x324-1.webp\",\"contentUrl\":\"https:\/\/eeas.hiseo.cz\/wp-content\/uploads\/2025\/11\/EES11-640x324-1.webp\",\"width\":640,\"height\":324,\"caption\":\" Embedded Electronics &amp; Solutions, s. r. o.\"},\"image\":{\"@id\":\"https:\/\/eeas.hiseo.cz\/#\/schema\/logo\/image\/\"}}]}<\/script>\n<!-- \/ Yoast SEO plugin. -->","yoast_head_json":{"title":"Podpora - Embedded Electronics &amp; Solutions, s. r. o.","robots":{"index":"index","follow":"follow","max-snippet":"max-snippet:-1","max-image-preview":"max-image-preview:large","max-video-preview":"max-video-preview:-1"},"canonical":"https:\/\/eeas.hiseo.cz\/en\/podpora\/","og_locale":"en_GB","og_type":"article","og_title":"Podpora - Embedded Electronics &amp; Solutions, s. r. o.","og_description":"Podpora","og_url":"https:\/\/eeas.hiseo.cz\/en\/podpora\/","og_site_name":"Embedded Electronics &amp; Solutions, s. r. o.","article_modified_time":"2025-11-24T23:38:21+00:00","og_image":[{"width":1187,"height":1185,"url":"https:\/\/eeas.hiseo.cz\/wp-content\/uploads\/2025\/11\/Elektromobilita.webp","type":"image\/webp"}],"twitter_card":"summary_large_image","twitter_misc":{"Estimated reading time":"1 minute"},"schema":{"@context":"https:\/\/schema.org","@graph":[{"@type":"WebPage","@id":"https:\/\/eeas.hiseo.cz\/podpora\/","url":"https:\/\/eeas.hiseo.cz\/podpora\/","name":"Podpora - Embedded Electronics &amp; Solutions, s. r. o.","isPartOf":{"@id":"https:\/\/eeas.hiseo.cz\/#website"},"primaryImageOfPage":{"@id":"https:\/\/eeas.hiseo.cz\/podpora\/#primaryimage"},"image":{"@id":"https:\/\/eeas.hiseo.cz\/podpora\/#primaryimage"},"thumbnailUrl":"https:\/\/eeas.hiseo.cz\/wp-content\/uploads\/2025\/11\/Elektromobilita.webp","datePublished":"2025-11-17T22:43:16+00:00","dateModified":"2025-11-24T23:38:21+00:00","breadcrumb":{"@id":"https:\/\/eeas.hiseo.cz\/podpora\/#breadcrumb"},"inLanguage":"en-GB","potentialAction":[{"@type":"ReadAction","target":["https:\/\/eeas.hiseo.cz\/podpora\/"]}]},{"@type":"ImageObject","inLanguage":"en-GB","@id":"https:\/\/eeas.hiseo.cz\/podpora\/#primaryimage","url":"https:\/\/eeas.hiseo.cz\/wp-content\/uploads\/2025\/11\/Elektromobilita.webp","contentUrl":"https:\/\/eeas.hiseo.cz\/wp-content\/uploads\/2025\/11\/Elektromobilita.webp"},{"@type":"BreadcrumbList","@id":"https:\/\/eeas.hiseo.cz\/podpora\/#breadcrumb","itemListElement":[{"@type":"ListItem","position":1,"name":"Home","item":"https:\/\/eeas.hiseo.cz\/"},{"@type":"ListItem","position":2,"name":"Podpora"}]},{"@type":"WebSite","@id":"https:\/\/eeas.hiseo.cz\/#website","url":"https:\/\/eeas.hiseo.cz\/","name":"Embedded Electronics &amp; Solutions, s. r. o.","description":"V\u00fdvoj elektronick\u00fdch za\u0159\u00edzen\u00ed | Bezdr\u00e1tov\u00e9 technologie | IoT","publisher":{"@id":"https:\/\/eeas.hiseo.cz\/#organization"},"potentialAction":[{"@type":"SearchAction","target":{"@type":"EntryPoint","urlTemplate":"https:\/\/eeas.hiseo.cz\/?s={search_term_string}"},"query-input":{"@type":"PropertyValueSpecification","valueRequired":true,"valueName":"search_term_string"}}],"inLanguage":"en-GB"},{"@type":"Organization","@id":"https:\/\/eeas.hiseo.cz\/#organization","name":"Embedded Electronics &amp; Solutions, s. r. o.","url":"https:\/\/eeas.hiseo.cz\/","logo":{"@type":"ImageObject","inLanguage":"en-GB","@id":"https:\/\/eeas.hiseo.cz\/#\/schema\/logo\/image\/","url":"https:\/\/eeas.hiseo.cz\/wp-content\/uploads\/2025\/11\/EES11-640x324-1.webp","contentUrl":"https:\/\/eeas.hiseo.cz\/wp-content\/uploads\/2025\/11\/EES11-640x324-1.webp","width":640,"height":324,"caption":" Embedded Electronics &amp; Solutions, s. r. o."},"image":{"@id":"https:\/\/eeas.hiseo.cz\/#\/schema\/logo\/image\/"}}]}},"_links":{"self":[{"href":"https:\/\/eeas.hiseo.cz\/en\/wp-json\/wp\/v2\/pages\/376","targetHints":{"allow":["GET"]}}],"collection":[{"href":"https:\/\/eeas.hiseo.cz\/en\/wp-json\/wp\/v2\/pages"}],"about":[{"href":"https:\/\/eeas.hiseo.cz\/en\/wp-json\/wp\/v2\/types\/page"}],"author":[{"embeddable":true,"href":"https:\/\/eeas.hiseo.cz\/en\/wp-json\/wp\/v2\/users\/1"}],"replies":[{"embeddable":true,"href":"https:\/\/eeas.hiseo.cz\/en\/wp-json\/wp\/v2\/comments?post=376"}],"version-history":[{"count":7,"href":"https:\/\/eeas.hiseo.cz\/en\/wp-json\/wp\/v2\/pages\/376\/revisions"}],"predecessor-version":[{"id":464,"href":"https:\/\/eeas.hiseo.cz\/en\/wp-json\/wp\/v2\/pages\/376\/revisions\/464"}],"wp:attachment":[{"href":"https:\/\/eeas.hiseo.cz\/en\/wp-json\/wp\/v2\/media?parent=376"}],"curies":[{"name":"wp","href":"https:\/\/api.w.org\/{rel}","templated":true}]}}